{"id":47,"date":"2018-03-23T08:31:00","date_gmt":"2018-03-23T08:31:00","guid":{"rendered":"http:\/\/spettacolonew.fisica.unimi.it\/?page_id=47"},"modified":"2024-02-02T10:45:39","modified_gmt":"2024-02-02T10:45:39","slug":"home","status":"publish","type":"page","link":"https:\/\/spettacolo.fisica.unimi.it\/","title":{"rendered":"Home"},"content":{"rendered":"<div>\n<p>LA FISICA E&#8217; PROPRIO UNO SPETTACOLO!<\/p>\n<\/div>\n<p>Parola di Marina Carpineti, Marco Giliberti e Nicola Ludwig, tre ricerc-attori del <a href=\"http:\/\/www.fisica.unimi.it\">Dipartimento di Fisica<\/a> dell\u2019<a href=\"http:\/\/www.unimi.it\">Universit\u00e0 degli Studi di Milano.<br \/>\n<\/a>S\u00ec, ricerc-attori, un po&#8217; ricercatori e un po&#8217; attori, perch\u00e9 la fisica ha il physique du r\u00f2le per il teatro. E&#8217; in grado di intrattenere e incuriosire, coinvolgere e incantare; anche fuori dalle aule e sopra un palcoscenico.<br \/>\nLa ricerca scientifica \u00e8 da sempre animata da curiosit\u00e0 e divertimento: la storia delle scoperte \u00e8 fatta di persone che si sono incuriosite e stupite di fronte a un fenomeno. Esattamente come noi davanti a un sipario che si apre.<br \/>\nLo Spettacolo della Fisica ha l&#8217;ambizione di trasmettere passione e interesse per una materia troppo spesso maltrattata. Fatta di emozioni, incantesimi e scoperte.<br \/>\nAllora cosa aspettate? Venite a conoscere un mondo magico, fatto di esperimenti, strumenti e macchinari.<br \/>\nE, ovviamente, scienziati. A volte un po&#8217; pazzi a volte un po&#8217; ricercatori. Anzi, ricerc-attori.<br \/>\nMettetevi comodi, lo Spettacolo della Fisica ha inizio!<\/p>\n<p>L\u2019iniziativa ha al suo attivo otto spettacoli che hanno girato per l\u2019Italia, nei pi\u00f9 prestigiosi teatri e festival scientifici, ma sono andati anche all\u2019estero, visti complessivamente da oltre 150.000 persone di ogni et\u00e0 con oltre 420 rappresentazioni.<\/p>\n<p>Gli spettacoli sono rivolti a un pubblico dagli 8 ai 99 anni. <a href=\"https:\/\/spettacolo.fisica.unimi.it\/index.php\/a-homepage-section\/\">Qui puoi trovare maggiori informazioni sugli spettacoli.<\/a><\/p>\n","protected":false},"excerpt":{"rendered":"<p>LA FISICA E&#8217; PROPRIO UNO SPETTACOLO! Parola di Marina Carpineti, Marco Giliberti e Nicola Ludwig, tre ricerc-attori del Dipartimento di&hellip; <\/p>\n","protected":false},"author":2,"featured_media":0,"parent":0,"menu_order":0,"comment_status":"closed","ping_status":"closed","template":"","meta":{"two_page_speed":[],"footnotes":""},"class_list":["post-47","page","type-page","status-publish","hentry"],"_links":{"self":[{"href":"https:\/\/spettacolo.fisica.unimi.it\/index.php\/wp-json\/wp\/v2\/pages\/47","targetHints":{"allow":["GET"]}}],"collection":[{"href":"https:\/\/spettacolo.fisica.unimi.it\/index.php\/wp-json\/wp\/v2\/pages"}],"about":[{"href":"https:\/\/spettacolo.fisica.unimi.it\/index.php\/wp-json\/wp\/v2\/types\/page"}],"author":[{"embeddable":true,"href":"https:\/\/spettacolo.fisica.unimi.it\/index.php\/wp-json\/wp\/v2\/users\/2"}],"replies":[{"embeddable":true,"href":"https:\/\/spettacolo.fisica.unimi.it\/index.php\/wp-json\/wp\/v2\/comments?post=47"}],"version-history":[{"count":23,"href":"https:\/\/spettacolo.fisica.unimi.it\/index.php\/wp-json\/wp\/v2\/pages\/47\/revisions"}],"predecessor-version":[{"id":478,"href":"https:\/\/spettacolo.fisica.unimi.it\/index.php\/wp-json\/wp\/v2\/pages\/47\/revisions\/478"}],"wp:attachment":[{"href":"https:\/\/spettacolo.fisica.unimi.it\/index.php\/wp-json\/wp\/v2\/media?parent=47"}],"curies":[{"name":"wp","href":"https:\/\/api.w.org\/{rel}","templated":true}]}}