{"id":48,"date":"2018-03-23T08:31:00","date_gmt":"2018-03-23T08:31:00","guid":{"rendered":"http:\/\/spettacolonew.fisica.unimi.it\/?page_id=48"},"modified":"2020-03-19T16:54:32","modified_gmt":"2020-03-19T16:54:32","slug":"about","status":"publish","type":"page","link":"https:\/\/spettacolo.fisica.unimi.it\/index.php\/about\/","title":{"rendered":"Il progetto"},"content":{"rendered":"<p><strong>L\u2019IDEA<\/strong><\/p>\n<p style=\"padding-left: 30px;\">Lavorare insieme unendo le proprie competenze per creare un progetto di comunicazione della fisica che generi emozione con gli strumenti pi\u00f9 giusti ed efficaci,<\/p>\n<p><strong>IL METODO<\/strong><\/p>\n<p style=\"padding-left: 30px;\">LO SPETTACOLO DELLA FISICA sceglie il teatro, come veicolo ideale per trasmettere stupore, incanto e bellezza, elementi propri della fisica. I tre fisici si mettono in gioco, convinti che per fare ricerca si debba essere anticonformisti e coraggiosi. Diventano scrittori, produttori e attori dei propri spettacoli, sempre sotto la guida di registi e tecnici professionisti del teatro. L&#8217;originalit\u00e0 consiste nel fatto che la protagonista delle rappresentazioni \u00e8 proprio la fisica messa in scena da veri scienziati, sempre attraverso l\u2019uso di strumentazione di laboratorio per realizzare autentici esperimenti scientifici.<\/p>\n<p><strong>I RISULTATI<br \/>\n<\/strong><\/p>\n<p style=\"padding-left: 30px;\">LO SPETTACOLO DELLA FISICA nasce nel 2004 e da allora porta i tre ricerc- attori nei teatri di gran parte d&#8217;Italia e talvolta d&#8217; Europa con <strong>sette spettacoli<\/strong> per diverse fasce di et\u00e0 e numerose <strong>conferenze spettacolari<\/strong>, visti complessivamente da oltre 152.000 persone in 413 rappresentazioni. Gli spettacoli riscuotono sempre ottimi successi nelle pi\u00f9 varie occasioni: in cartellone a teatro, nei pi\u00f9 prestigiosi Festival, su invito in importanti manifestazioni e nelle scuole. Suscitano curiosit\u00e0 e divertimento con storie tratte dal quotidiano lavoro dei ricercatori in cui il pubblico ha modo di immedesimarsi.<\/p>\n","protected":false},"excerpt":{"rendered":"<p>L\u2019IDEA Lavorare insieme unendo le proprie competenze per creare un progetto di comunicazione della fisica che generi emozione con gli&hellip; <\/p>\n","protected":false},"author":2,"featured_media":0,"parent":0,"menu_order":0,"comment_status":"closed","ping_status":"closed","template":"","meta":{"two_page_speed":[],"footnotes":""},"class_list":["post-48","page","type-page","status-publish","hentry"],"_links":{"self":[{"href":"https:\/\/spettacolo.fisica.unimi.it\/index.php\/wp-json\/wp\/v2\/pages\/48","targetHints":{"allow":["GET"]}}],"collection":[{"href":"https:\/\/spettacolo.fisica.unimi.it\/index.php\/wp-json\/wp\/v2\/pages"}],"about":[{"href":"https:\/\/spettacolo.fisica.unimi.it\/index.php\/wp-json\/wp\/v2\/types\/page"}],"author":[{"embeddable":true,"href":"https:\/\/spettacolo.fisica.unimi.it\/index.php\/wp-json\/wp\/v2\/users\/2"}],"replies":[{"embeddable":true,"href":"https:\/\/spettacolo.fisica.unimi.it\/index.php\/wp-json\/wp\/v2\/comments?post=48"}],"version-history":[{"count":11,"href":"https:\/\/spettacolo.fisica.unimi.it\/index.php\/wp-json\/wp\/v2\/pages\/48\/revisions"}],"predecessor-version":[{"id":432,"href":"https:\/\/spettacolo.fisica.unimi.it\/index.php\/wp-json\/wp\/v2\/pages\/48\/revisions\/432"}],"wp:attachment":[{"href":"https:\/\/spettacolo.fisica.unimi.it\/index.php\/wp-json\/wp\/v2\/media?parent=48"}],"curies":[{"name":"wp","href":"https:\/\/api.w.org\/{rel}","templated":true}]}}