{"id":51,"date":"2018-03-23T08:31:00","date_gmt":"2018-03-23T08:31:00","guid":{"rendered":"http:\/\/spettacolonew.fisica.unimi.it\/?page_id=51"},"modified":"2023-01-21T14:13:45","modified_gmt":"2023-01-21T14:13:45","slug":"a-homepage-section","status":"publish","type":"page","link":"https:\/\/spettacolo.fisica.unimi.it\/index.php\/a-homepage-section\/","title":{"rendered":"Gli spettacoli"},"content":{"rendered":"<p>L\u2019iniziativa ha al suo attivo otto spettacoli che hanno girato per l\u2019Italia, nei pi\u00f9 prestigiosi teatri e festival scientifici, ma sono andati anche all\u2019estero, visti complessivamente da oltre 150.000 persone di ogni et\u00e0 con oltre 420 rappresentazioni. Tre gli spettacoli attivi attualmente: &#8220;<strong>E=mc<sup>2<\/sup>&#8211; Il grande show della fisica&#8221;,\u00a0<\/strong>&#8220;<strong>Sotto un&#8217;altra Luce&#8221; e &#8220;Luce dalle Stelle&#8221;.<\/strong><\/p>\n<p><strong><span style=\"color: #ff0000;\">E=mc<sup>2<\/sup> &#8211; Il grande show della fisica (2021 versione on-line; 2022 versione teatrale)<\/span><em><br \/>\n<span style=\"color: #ff0000;\">di M. Carpineti, M. Giliberti, N. Ludwig &#8211; Regia di M. Anaclerio; collaborazione artistica F. Albanese<\/span><\/em><\/strong><\/p>\n<p>Evento di apertura del congresso nazionale 2021 della <a href=\"https:\/\/www.sif.it\/attivita\/lo-show-della-fisica\">Societ\u00e0 Italiana di Fisica<\/a>, svolto on-line a causa della pandemia, lo spettacolo ha debuttato in teatro in ottobre 2022. Si\u00a0propone un format innovativo in cui il linguaggio rigoroso della fisica si confronta con quello urlato e sensazionalistico della \u201ccattiva scienza\u201d. Uno show televisivo sulla fisica, mostra una scienza da incubo: c&#8217;\u00e8 un telequiz democratico dove i risultati scientifici sono messi ai voti. E c&#8217;\u00e8 l\u2019intervista a un Premio Nobel che espone teorie di grande interesse scientifico ma che, in un tripudio di equivoci linguistici, finisce con l\u2019imbarazzante arrivo dello sponsor. Dal dramma della divulgazione impossibile i tre protagonisti mostrano al pubblico che la forza della fisica \u00e8 nel dialogo e nel ragionamento condiviso, nella continua revisione e disponibilit\u00e0 al confronto. Ed \u00e8 da questa condivisione che nasce il vero spettacolo, quello della scienza e in particolare della fisica, che apre finestre su mondi sempre nuovi. Tutto avviene con allegria e con il metodico disordine di idee tipico dei fisici, tra conti e citazioni, indovinelli e quadrivettori, ipercubi e surreali pacchetti di anti-craker, aprendo spiragli su aspetti inconsueti della fisica: da esperimenti semplici come i rimbalzi di una pallina elastica, fino al rendimento energetico dei processi di fusione nucleare nelle stelle. E per finire, \u2018la sigla della relativit\u00e0\u2019, creata appositamente per il grande show della fisica!<\/p>\n<p><span style=\"color: #ff0000;\"><strong>SOTTO UN\u2019ALTRA LUC<span style=\"color: #ff0000;\">E<\/span><\/strong><\/span><strong><em><span style=\"color: #ff0000;\"> (2015)\u00a0[Spettacolo attivo]<\/span> <\/em><em><br \/>\n<span style=\"color: #ff0000;\">di M. Carpineti, M. Giliberti, N. Ludwig &#8211; Regia di F. Albanese e M. Anaclerio<br \/>\n<\/span><\/em><\/strong>Uno spettacolo ispirato alla vita di tre fisici alle prese con mille difficolt\u00e0 che li allontanano dalla loro unica e vera passione: la ricerca scientifica. Si ritroveranno di notte in laboratorio dove un ricercatore \u00e8 profondamente addorm\u2026 ehm, assorto nel suo lavoro. Si muoveranno insieme nel meraviglioso mondo della fisica. Di esperimento in esperimento i ricercatori non saranno gli unici conquistati da laser, specchi, cascate di gas e strani materiali. Scoprendo o riscoprendo le propriet\u00e0 della luce e della materia gli scienziati si faranno trasportare dalla meraviglia attraverso una serie di veri esperimenti, effettuati sul palco, passaggi di stato, rifrazione, polarizzazione e scomposizione della luce che verranno mostrati in tutta la loro spettacolarit\u00e0, con una vena comica e scherzosa. E capiranno che solo una mente aperta permette di capire davvero li perch\u00e9 delle cose. Infatti \u201csi sa, non bisogna essere troppo rigidi con le classificazioni\u201d<br \/>\nLo spettacolo \u00e8 seguito da un allegro confronto, spettacolo nello spettacolo, con i fisici autori e attori. \u00c8 rivolto a un pubblico di bambini da 8 a 99 anni.<br \/>\n<a href=\"https:\/\/youtu.be\/Rel60fsAX9Q\">Guarda il trailer<\/a><\/p>\n<p><span style=\"color: #ff0000;\"><strong>LUCE DALLE STELLE (2009) <em>[Spettacolo attivo]<\/em><br \/>\n<\/strong><\/span><strong><em><span style=\"color: #ff0000;\">di M. Carpineti, M. Giliberti, N. Ludwig e S. Sandrelli &#8211; Regia di F. Albanese<\/span><br \/>\n<\/em><\/strong>Una strana conferenza in bilico fra dimostrazioni spettacolari e teorie cosmologiche. Si parla di luce proveniente da lontanissime stelle eppure tutto, dal loro colore al loro scintillare notturno \u00e8 fonte di continui riferimenti alla vita quotidiana in un divertente interrogarsi e battibeccare dei tre conferenzieri. L\u2019universo come non l\u2019avete mai visto: un viaggio nell\u2019osservazione di stelle, nebulose planetarie, galassie e buchi neri che porta le pi\u00f9 straordinarie tecnologie per l\u2019osservazione del cosmo fino all\u2019uso nelle applicazioni alla vita di tutti i giorni, raggi ultravioletti, termografia infrarossa, microonde e altri spettacolari fenomeni. Un racconto sulla scienza fatto da veri scienziati in scena con un brio che congiunge esperimenti scientifici e battute fulminanti, a met\u00e0 strada fra la creativit\u00e0 e il rigore della di ricerca scientifica e il desiderio di comunicare in modo non noioso il lavoro del ricercatore. Una lezione\/spettacolo con un finale a sorpresa che chiama in causa direttamente lo spirito critico dello spettatore.<br \/>\n<a href=\"https:\/\/www.youtube.com\/watch?v=1Ej9OS4nWvo\">Guarda il trailer<\/a><\/p>\n<p><!--more--><\/p>\n<p><strong>LIGHT MYSTERY<\/strong><strong><em> (2015)<br \/>\ndi M. Carpineti, M. Giliberti e N. Ludwig &#8211; Regia E. Bronzino<br \/>\n<\/em><\/strong>Nato nell\u2019ambito del progetto internazionale TEMI, lo spettacolo gioca con le modalit\u00e0 tradizionali di insegnamento che spengono gli entusiasmi e suggerisce che per avvicinare alla fisica serve far nascere il desiderio di risposte, invece di rispondere a domande che nessuno mai si farebbe.<br \/>\n<a href=\"https:\/\/www.youtube.com\/watch?v=RIPGadzUWFY\">Guarda il trailer<\/a><\/p>\n<p><strong>ALICE NEL PAESE DELLA SCIENZA (2010) e<br \/>\nALICE 2.0 NEL PAESE DELL\u2019ENERGIA (2012)<\/strong><strong><em><br \/>\ndi M. Carpineti, M. Giliberti e N. Ludwig &#8211; Regia E. Bronzino<br \/>\n<\/em><\/strong>Due spettacoli ispirati alle avventure di Alice nel paese delle Meraviglie, realizzati con il Piccolo Teatro di Milano, in a fare la parte di Alice \u00e8 il pubblico, che precipita in un mondo di cui non comprende le regole. \u201cSolo da ci\u00f2 che ancora non conosciamo potr\u00e0 arrivare, inaspettata, la risposta alle nostre domande\u201d.<br \/>\n<a href=\"https:\/\/www.youtube.com\/watch?v=3hOsZpXfQVg\">Guarda il Trailer di Alice nel Paese della Scienza<\/a><br \/>\n<a href=\"https:\/\/www.youtube.com\/watch?v=V269JaeC8XU&amp;t=4s\">Guarda il Trailer di Alice nel Paese dell&#8217;Energia<\/a><\/p>\n<p><strong>TRACCE<\/strong><strong><em> (2007)<br \/>\ndi M. Carpineti, S. Ghioldi, M. Giliberti, N. Ludwig e A. Rota<br \/>\nRegia di S. Ghioldi, A. Rota<\/em><\/strong><br \/>\nIn scena tre fisici sono in viaggio con un bagaglio di strumenti, esperimenti, libri ed esperienze personali assunti a simbolo della ricerca. Mettono a confronto i loro diversi modi di vivere la ricerca scientifica, ma anche l\u2019entusiasmo per le loro scoperte e per il mistero della scienza. \u00a0\u201cL\u2019occhio non pu\u00f2 vedere quello che la mente non \u00e8 preparata ad accettare\u201d.<\/p>\n<p><strong><em>FACCIAMO LUCE SULLA MATERIA (2004) <\/em><\/strong><strong><em>di M. Carpineti, S. Ghioldi, M. Giliberti, N. Ludwig e A. Rota &#8211; Regia di S. Ghioldi, A. Rota<br \/>\n<\/em><\/strong>Tre fisici in laboratorio alle prese con i loro esperimenti sulla luce e sulla materia guidano il pubblico nella meraviglia della scoperta. Scopo della rappresentazione \u00e8 di avvicinare i bambini da 8 a 99 anni alla curiosit\u00e0 che anima la ricerca con continue sorprese ed esperimenti spettacolari.<br \/>\n<a href=\"https:\/\/www.youtube.com\/watch?v=W5-zqAMnWUo\">Guarda il trailer<\/a><\/p>\n","protected":false},"excerpt":{"rendered":"<p>L\u2019iniziativa ha al suo attivo otto spettacoli che hanno girato per l\u2019Italia, nei pi\u00f9 prestigiosi teatri e festival scientifici, ma&hellip; <\/p>\n","protected":false},"author":2,"featured_media":0,"parent":0,"menu_order":0,"comment_status":"closed","ping_status":"closed","template":"","meta":{"two_page_speed":[],"footnotes":""},"class_list":["post-51","page","type-page","status-publish","hentry"],"_links":{"self":[{"href":"https:\/\/spettacolo.fisica.unimi.it\/index.php\/wp-json\/wp\/v2\/pages\/51","targetHints":{"allow":["GET"]}}],"collection":[{"href":"https:\/\/spettacolo.fisica.unimi.it\/index.php\/wp-json\/wp\/v2\/pages"}],"about":[{"href":"https:\/\/spettacolo.fisica.unimi.it\/index.php\/wp-json\/wp\/v2\/types\/page"}],"author":[{"embeddable":true,"href":"https:\/\/spettacolo.fisica.unimi.it\/index.php\/wp-json\/wp\/v2\/users\/2"}],"replies":[{"embeddable":true,"href":"https:\/\/spettacolo.fisica.unimi.it\/index.php\/wp-json\/wp\/v2\/comments?post=51"}],"version-history":[{"count":30,"href":"https:\/\/spettacolo.fisica.unimi.it\/index.php\/wp-json\/wp\/v2\/pages\/51\/revisions"}],"predecessor-version":[{"id":468,"href":"https:\/\/spettacolo.fisica.unimi.it\/index.php\/wp-json\/wp\/v2\/pages\/51\/revisions\/468"}],"wp:attachment":[{"href":"https:\/\/spettacolo.fisica.unimi.it\/index.php\/wp-json\/wp\/v2\/media?parent=51"}],"curies":[{"name":"wp","href":"https:\/\/api.w.org\/{rel}","templated":true}]}}